{"id":15647,"date":"2026-04-07T14:26:01","date_gmt":"2026-04-07T12:26:01","guid":{"rendered":"https:\/\/www.accionmk.com\/?page_id=15647"},"modified":"2026-04-07T14:47:27","modified_gmt":"2026-04-07T12:47:27","slug":"encuestacion","status":"publish","type":"page","link":"https:\/\/www.accionmk.com\/en\/encuestacion\/","title":{"rendered":"Trabaja con nosotros Encuestaci\u00f3n"},"content":{"rendered":"<div data-elementor-type=\"wp-page\" data-elementor-id=\"15647\" class=\"elementor elementor-15647\" data-elementor-post-type=\"page\">\n\t\t\t\t\t\t<section class=\"elementor-section elementor-top-section elementor-element elementor-element-6aad917 elementor-section-height-min-height elementor-section-items-bottom elementor-section-stretched elementor-section-boxed elementor-section-height-default\" data-id=\"6aad917\" data-element_type=\"section\" data-settings=\"{&quot;stretch_section&quot;:&quot;section-stretched&quot;,&quot;jet_parallax_layout_list&quot;:[],&quot;background_background&quot;:&quot;classic&quot;,&quot;background_motion_fx_motion_fx_scrolling&quot;:&quot;yes&quot;,&quot;background_motion_fx_translateY_effect&quot;:&quot;yes&quot;,&quot;background_motion_fx_translateY_speed&quot;:{&quot;unit&quot;:&quot;px&quot;,&quot;size&quot;:4,&quot;sizes&quot;:[]},&quot;background_motion_fx_translateY_affectedRange&quot;:{&quot;unit&quot;:&quot;%&quot;,&quot;size&quot;:&quot;&quot;,&quot;sizes&quot;:{&quot;start&quot;:0,&quot;end&quot;:100}},&quot;background_motion_fx_devices&quot;:[&quot;desktop&quot;,&quot;laptop&quot;,&quot;tablet&quot;,&quot;mobile&quot;]}\">\n\t\t\t\t\t\t\t<div class=\"elementor-background-overlay\"><\/div>\n\t\t\t\t\t\t\t<div class=\"elementor-container elementor-column-gap-default\">\n\t\t\t\t\t<div class=\"elementor-column elementor-col-100 elementor-top-column elementor-element elementor-element-a66e795\" data-id=\"a66e795\" data-element_type=\"column\">\n\t\t\t<div class=\"elementor-widget-wrap elementor-element-populated\">\n\t\t\t\t\t\t<div class=\"elementor-element elementor-element-7ec3157 elementor-widget elementor-widget-heading\" data-id=\"7ec3157\" data-element_type=\"widget\" data-widget_type=\"heading.default\">\n\t\t\t\t<div class=\"elementor-widget-container\">\n\t\t\t\t\t<h2 id='trabaja-con-nosotros'  class=\"elementor-heading-title elementor-size-default\">Work<br> with us<\/h2>\t\t\t\t<\/div>\n\t\t\t\t<\/div>\n\t\t\t\t\t<\/div>\n\t\t<\/div>\n\t\t\t\t\t<\/div>\n\t\t<\/section>\n\t\t<div class=\"elementor-element elementor-element-10f3816 e-flex e-con-boxed e-con e-parent\" data-id=\"10f3816\" data-element_type=\"container\" data-settings=\"{&quot;jet_parallax_layout_list&quot;:[]}\">\n\t\t\t\t\t<div class=\"e-con-inner\">\n\t\t<div class=\"elementor-element elementor-element-b2be771 e-con-full e-flex e-con e-child\" data-id=\"b2be771\" data-element_type=\"container\" data-settings=\"{&quot;jet_parallax_layout_list&quot;:[]}\">\n\t\t\t\t<div class=\"elementor-element elementor-element-14e2519 elementor-widget elementor-widget-heading\" data-id=\"14e2519\" data-element_type=\"widget\" data-widget_type=\"heading.default\">\n\t\t\t\t<div class=\"elementor-widget-container\">\n\t\t\t\t\t<h2 id='buscamos-encuestador'  class=\"elementor-heading-title elementor-size-default\">Buscamos encuestador.<\/h2>\t\t\t\t<\/div>\n\t\t\t\t<\/div>\n\t\t\t\t<div class=\"elementor-element elementor-element-e7511ae elementor-widget elementor-widget-heading\" data-id=\"e7511ae\" data-element_type=\"widget\" data-widget_type=\"heading.default\">\n\t\t\t\t<div class=\"elementor-widget-container\">\n\t\t\t\t\t<h2 id='\u00fanete-al-equipo-de-accionmk'  class=\"elementor-heading-title elementor-size-default\">Join the team<br>\nof Accionmk.<\/h2>\t\t\t\t<\/div>\n\t\t\t\t<\/div>\n\t\t\t\t<div class=\"elementor-element elementor-element-fe9cdbb elementor-widget elementor-widget-text-editor\" data-id=\"fe9cdbb\" data-element_type=\"widget\" data-widget_type=\"text-editor.default\">\n\t\t\t\t<div class=\"elementor-widget-container\">\n\t\t\t\t\t\t\t\t\t<p>At <strong>ActionMK<\/strong>, consultora especializada en marketing e <strong>investigaci\u00f3n de mercados<\/strong>, buscamos incorporar un\/a encuestador\/a para la realizaci\u00f3n de entrevistas y recogida de informaci\u00f3n en campo.<\/p><p>Buscamos una persona din\u00e1mica, responsable y con gran capacidad de trato con el p\u00fablico, que se sienta c\u00f3moda interactuando con personas de distintos perfiles y nacionalidades.<\/p><p>Funciones principales:<\/p><ul><li>Realizaci\u00f3n de encuestas presenciales.<\/li><li>Interacci\u00f3n directa con turistas, visitantes o p\u00fablico general.<\/li><li>Recogida rigurosa y correcta de la informaci\u00f3n obtenida.<\/li><li>Cumplimiento de los objetivos diarios de trabajo de campo.<\/li><li>Representaci\u00f3n profesional de la empresa durante el desarrollo de la actividad.<\/li><\/ul>\t\t\t\t\t\t\t\t<\/div>\n\t\t\t\t<\/div>\n\t\t\t\t<div class=\"elementor-element elementor-element-0a67a5a elementor-widget elementor-widget-heading\" data-id=\"0a67a5a\" data-element_type=\"widget\" data-widget_type=\"heading.default\">\n\t\t\t\t<div class=\"elementor-widget-container\">\n\t\t\t\t\t<h2 id='buscamos'  class=\"elementor-heading-title elementor-size-default\">Buscamos<\/h2>\t\t\t\t<\/div>\n\t\t\t\t<\/div>\n\t\t\t\t<div class=\"elementor-element elementor-element-2964388 elementor-widget elementor-widget-text-editor\" data-id=\"2964388\" data-element_type=\"widget\" data-widget_type=\"text-editor.default\">\n\t\t\t\t<div class=\"elementor-widget-container\">\n\t\t\t\t\t\t\t\t\t<p style=\"margin: 0px; padding: 0px; border: 0px; vertical-align: baseline;\">Buscamos a alguien con buena presencia, actitud proactiva, empat\u00eda y orientaci\u00f3n al detalle. Es fundamental que sepa comunicarse con naturalidad, transmitir confianza y mantener la motivaci\u00f3n durante la jornada.<\/p><p style=\"color: #333333; font-family: Kanit, sans-serif; white-space-collapse: collapse;\"><span style=\"color: rgba(0, 0, 0, 0.9); font-family: system-ui, -apple-system, BlinkMacSystemFont, 'Segoe UI', Roboto, Ubuntu, Oxygen, Cantarell, 'Fira Sans', 'Droid Sans', 'Helvetica Neue', Arial, sans-serif, 'Apple Color Emoji', 'Segoe UI Emoji', 'Segoe UI Symbol'; white-space-collapse: preserve;\">Se ofrece<\/span><\/p><ul style=\"margin: 0px; padding: 0px; font-size: 14px; font-family: system-ui, -apple-system, BlinkMacSystemFont, 'Segoe UI', Roboto, Ubuntu, Oxygen, Cantarell, 'Fira Sans', 'Droid Sans', 'Helvetica Neue', Arial, sans-serif, 'Apple Color Emoji', 'Segoe UI Emoji', 'Segoe UI Symbol'; list-style-position: initial; list-style-image: initial; padding-inline-start: 16px; color: rgba(0, 0, 0, 0.9); white-space-collapse: preserve; background-color: #ffffff;\"><li style=\"list-style-type: none;\"><ul style=\"background-color: #ffffff; font-size: 14px; margin: 0px; padding: 0px; list-style-position: initial; list-style-image: initial; padding-inline-start: 16px;\"><li style=\"font-size: 14px; margin: 0px; padding: 0px; font-family: inherit;\">Incorporaci\u00f3n a un proyecto profesional vinculado a estudios de mercado y trabajo de campo.<\/li><li style=\"font-size: 14px; margin: 0px; padding: 0px; font-family: inherit;\">Entorno din\u00e1mico y contacto directo con personas de diferentes nacionalidades.<\/li><li style=\"font-size: 14px; margin: 0px; padding: 0px; font-family: inherit;\">Posibilidad de colaborar en proyectos de investigaci\u00f3n y an\u00e1lisis de mercado.<\/li><\/ul><\/li><\/ul>\t\t\t\t\t\t\t\t<\/div>\n\t\t\t\t<\/div>\n\t\t\t\t<\/div>\n\t\t<div class=\"elementor-element elementor-element-a95bf3e e-con-full e-flex e-con e-child\" data-id=\"a95bf3e\" data-element_type=\"container\" data-settings=\"{&quot;jet_parallax_layout_list&quot;:[]}\">\n\t\t<div class=\"elementor-element elementor-element-d6d5bdc e-con-full e-flex e-con e-child\" data-id=\"d6d5bdc\" data-element_type=\"container\" data-settings=\"{&quot;jet_parallax_layout_list&quot;:[]}\">\n\t\t\t\t<\/div>\n\t\t<div class=\"elementor-element elementor-element-7e0d1b2 e-con-full e-flex e-con e-child\" data-id=\"7e0d1b2\" data-element_type=\"container\" data-settings=\"{&quot;jet_parallax_layout_list&quot;:[]}\">\n\t\t\t\t<div class=\"elementor-element elementor-element-f32eac7 elementor-widget elementor-widget-heading\" data-id=\"f32eac7\" data-element_type=\"widget\" data-widget_type=\"heading.default\">\n\t\t\t\t<div class=\"elementor-widget-container\">\n\t\t\t\t\t<h2 id='qu\u00e9-buscamos-en-la-persona-candidata'  class=\"elementor-heading-title elementor-size-default\">Qu\u00e9 buscamos en la persona candidata<\/h2>\t\t\t\t<\/div>\n\t\t\t\t<\/div>\n\t\t\t\t<div class=\"elementor-element elementor-element-7e377b9 elementor-widget elementor-widget-text-editor\" data-id=\"7e377b9\" data-element_type=\"widget\" data-widget_type=\"text-editor.default\">\n\t\t\t\t<div class=\"elementor-widget-container\">\n\t\t\t\t\t\t\t\t\t<ul><li>Nivel alto de ingl\u00e9s, m\u00ednimo B2 o superior. (Certificado)<\/li><li>Nivel anto de franc\u00e9s, alem\u00e1n o italiano (B2 o superior certificado)<\/li><li>Capacidad para mantener conversaciones fluidas en ingl\u00e9s.<\/li><li>Buena comprensi\u00f3n oral, incluso con distintos acentos.<\/li><li>Carnet de conducir en vigor.<\/li><li>Disponibilidad para desplazamientos vinculados al trabajo de campo.<\/li><li>Competencias que buscamos<\/li><li>Altas habilidades sociales<\/li><li>Facilidad para iniciar conversaciones con desconocidos.<\/li><li>Trato educado, cercano y profesional.<\/li><li>Capacidad para generar confianza r\u00e1pidamente.<\/li><li>Responsabilidad y fiabilidad<\/li><li>Puntualidad.<\/li><li>Cumplimiento de horarios y objetivos.<\/li><li>Registro preciso de la informaci\u00f3n recogida.<\/li><li>Paciencia y perseverancia<\/li><li>Capacidad para gestionar negativas, silencios o respuestas dif\u00edciles.<\/li><li>Mantener siempre un trato correcto, incluso ante personas poco colaborativas.<\/li><\/ul>\t\t\t\t\t\t\t\t<\/div>\n\t\t\t\t<\/div>\n\t\t\t\t<\/div>\n\t\t\t\t<div class=\"elementor-element elementor-element-e8ab1ad elementor-button-align-start elementor-widget elementor-widget-form\" data-id=\"e8ab1ad\" data-element_type=\"widget\" data-settings=\"{&quot;step_next_label&quot;:&quot;Next&quot;,&quot;step_previous_label&quot;:&quot;Previous&quot;,&quot;step_type&quot;:&quot;none&quot;,&quot;step_icon_shape&quot;:&quot;none&quot;,&quot;button_width&quot;:&quot;100&quot;}\" data-widget_type=\"form.default\">\n\t\t\t\t<div class=\"elementor-widget-container\">\n\t\t\t\t\t\t\t<form class=\"elementor-form\" method=\"post\" name=\"Presupuesto\" aria-label=\"Budget\" action=\"\">\n\t\t\t<input type=\"hidden\" name=\"post_id\" value=\"15647\"\/>\n\t\t\t<input type=\"hidden\" name=\"form_id\" value=\"e8ab1ad\"\/>\n\t\t\t<input type=\"hidden\" name=\"referer_title\" value=\"Trabaja con nosotros Encuestaci\u00f3n - Accionmk\" \/>\n\n\t\t\t\t\t\t\t<input type=\"hidden\" name=\"queried_id\" value=\"15647\"\/>\n\t\t\t\n\t\t\t<div class=\"elementor-form-fields-wrapper elementor-labels-\">\n\t\t\t\t\t\t\t\t<div class=\"elementor-field-type-text elementor-field-group elementor-column elementor-field-group-name elementor-col-100 elementor-field-required\">\n\t\t\t\t\t\t\t\t\t\t\t\t<label for=\"form-field-name\" class=\"elementor-field-label elementor-screen-only\">\n\t\t\t\t\t\t\t\tName\t\t\t\t\t\t\t<\/label>\n\t\t\t\t\t\t\t\t\t\t\t\t\t\t<input size=\"1\" type=\"text\" name=\"form_fields[name]\" id=\"form-field-name\" class=\"elementor-field elementor-size-sm  elementor-field-textual\" placeholder=\"Name\" required=\"required\">\n\t\t\t\t\t\t\t\t\t\t\t<\/div>\n\t\t\t\t\t\t\t\t<div class=\"elementor-field-type-email elementor-field-group elementor-column elementor-field-group-email elementor-col-100 elementor-field-required\">\n\t\t\t\t\t\t\t\t\t\t\t\t<label for=\"form-field-email\" class=\"elementor-field-label elementor-screen-only\">\n\t\t\t\t\t\t\t\tEmail\t\t\t\t\t\t\t<\/label>\n\t\t\t\t\t\t\t\t\t\t\t\t\t\t<input size=\"1\" type=\"email\" name=\"form_fields[email]\" id=\"form-field-email\" class=\"elementor-field elementor-size-sm  elementor-field-textual\" placeholder=\"Email\" required=\"required\">\n\t\t\t\t\t\t\t\t\t\t\t<\/div>\n\t\t\t\t\t\t\t\t<div class=\"elementor-field-type-text elementor-field-group elementor-column elementor-field-group-field_3d64664 elementor-col-100\">\n\t\t\t\t\t\t\t\t\t\t\t\t<label for=\"form-field-field_3d64664\" class=\"elementor-field-label elementor-screen-only\">\n\t\t\t\t\t\t\t\tTelephone\t\t\t\t\t\t\t<\/label>\n\t\t\t\t\t\t\t\t\t\t\t\t\t\t<input size=\"1\" type=\"text\" name=\"form_fields[field_3d64664]\" id=\"form-field-field_3d64664\" class=\"elementor-field elementor-size-sm  elementor-field-textual\" placeholder=\"Telephone\">\n\t\t\t\t\t\t\t\t\t\t\t<\/div>\n\t\t\t\t\t\t\t\t<div class=\"elementor-field-type-textarea elementor-field-group elementor-column elementor-field-group-message elementor-col-100\">\n\t\t\t\t\t\t\t\t\t\t\t\t<label for=\"form-field-message\" class=\"elementor-field-label elementor-screen-only\">\n\t\t\t\t\t\t\t\tMessage\t\t\t\t\t\t\t<\/label>\n\t\t\t\t\t\t<textarea class=\"elementor-field-textual elementor-field  elementor-size-sm\" name=\"form_fields[message]\" id=\"form-field-message\" rows=\"4\" placeholder=\"What is your speciality?\"><\/textarea>\t\t\t\t<\/div>\n\t\t\t\t\t\t\t\t<div class=\"elementor-field-type-upload elementor-field-group elementor-column elementor-field-group-field_33df82e elementor-col-100 elementor-field-required\">\n\t\t\t\t\t\t\t\t\t\t\t\t<label for=\"form-field-field_33df82e\" class=\"elementor-field-label elementor-screen-only\">\n\t\t\t\t\t\t\t\tCV\t\t\t\t\t\t\t<\/label>\n\t\t\t\t\t\t\t\t<input type=\"file\" name=\"form_fields[field_33df82e]\" id=\"form-field-field_33df82e\" class=\"elementor-field elementor-size-sm  elementor-upload-field\" required=\"required\" data-maxsize=\"4\" data-maxsize-message=\"Ce fichier d\u00e9passe la taille maximale autoris\u00e9e.\" data-no-translation-data-maxsize-message=\"\">\n\n\t\t\t\t\t\t<\/div>\n\t\t\t\t\t\t\t\t<div class=\"elementor-field-type-acceptance elementor-field-group elementor-column elementor-field-group-field_e9eaf1f elementor-col-100 elementor-field-required\">\n\t\t\t\t\t\t\t\t\t\t\t\t<label for=\"form-field-field_e9eaf1f\" class=\"elementor-field-label elementor-screen-only\">\n\t\t\t\t\t\t\t\tPrivacy policy\t\t\t\t\t\t\t<\/label>\n\t\t\t\t\t\t\t\t<div class=\"elementor-field-subgroup\">\n\t\t\t<span class=\"elementor-field-option\">\n\t\t\t\t<input type=\"checkbox\" name=\"form_fields[field_e9eaf1f]\" id=\"form-field-field_e9eaf1f\" class=\"elementor-field elementor-size-sm  elementor-acceptance-field\" required=\"required\">\n\t\t\t\t<label for=\"form-field-field_e9eaf1f\">I accept the privacy policy<\/label>\t\t\t<\/span>\n\t\t<\/div>\n\t\t\t\t\t\t<\/div>\n\t\t\t\t\t\t\t\t<div class=\"elementor-field-type-recaptcha_v3 elementor-field-group elementor-column elementor-field-group-field_b960bac elementor-col-100 recaptcha_v3-bottomright\">\n\t\t\t\t\t<div class=\"elementor-field\" id=\"form-field-field_b960bac\"><div class=\"elementor-g-recaptcha\" data-sitekey=\"6LfeBDgmAAAAABVv4Y_g7LTyrXRS9jLLB1nQMND_\" data-type=\"v3\" data-action=\"Form\" data-badge=\"bottomright\" data-size=\"invisible\"><\/div><\/div>\t\t\t\t<\/div>\n\t\t\t\t\t\t\t\t<div class=\"elementor-field-group elementor-column elementor-field-type-submit elementor-col-100 e-form__buttons\">\n\t\t\t\t\t<button class=\"elementor-button elementor-size-sm\" type=\"submit\">\n\t\t\t\t\t\t<span class=\"elementor-button-content-wrapper\">\n\t\t\t\t\t\t\t\t\t\t\t\t\t\t\t\t\t\t\t\t\t\t<span class=\"elementor-button-text\">Send<\/span>\n\t\t\t\t\t\t\t\t\t\t\t\t\t<\/span>\n\t\t\t\t\t<\/button>\n\t\t\t\t<\/div>\n\t\t\t<\/div>\n\t\t<input type=\"hidden\" name=\"trp-form-language\" value=\"en\"\/><\/form>\n\t\t\t\t\t\t<\/div>\n\t\t\t\t<\/div>\n\t\t\t\t<\/div>\n\t\t\t\t\t<\/div>\n\t\t\t\t<\/div>\n\t\t\t\t<\/div>","protected":false},"excerpt":{"rendered":"<p>Trabaja con nosotros Buscamos encuestador. \u00danete al equipo de Accionmk. En Acci\u00f3nMK, consultora especializada en marketing e investigaci\u00f3n de mercados, buscamos incorporar un\/a encuestador\/a para la realizaci\u00f3n de entrevistas y recogida de informaci\u00f3n en campo. Buscamos una persona din\u00e1mica, responsable y con gran capacidad de trato con el p\u00fablico, que se sienta c\u00f3moda interactuando con [&hellip;]<\/p>","protected":false},"author":1,"featured_media":0,"parent":0,"menu_order":0,"comment_status":"closed","ping_status":"closed","template":"","meta":{"footnotes":""},"class_list":["post-15647","page","type-page","status-publish","hentry"],"_links":{"self":[{"href":"https:\/\/www.accionmk.com\/en\/wp-json\/wp\/v2\/pages\/15647","targetHints":{"allow":["GET"]}}],"collection":[{"href":"https:\/\/www.accionmk.com\/en\/wp-json\/wp\/v2\/pages"}],"about":[{"href":"https:\/\/www.accionmk.com\/en\/wp-json\/wp\/v2\/types\/page"}],"author":[{"embeddable":true,"href":"https:\/\/www.accionmk.com\/en\/wp-json\/wp\/v2\/users\/1"}],"replies":[{"embeddable":true,"href":"https:\/\/www.accionmk.com\/en\/wp-json\/wp\/v2\/comments?post=15647"}],"version-history":[{"count":16,"href":"https:\/\/www.accionmk.com\/en\/wp-json\/wp\/v2\/pages\/15647\/revisions"}],"predecessor-version":[{"id":15664,"href":"https:\/\/www.accionmk.com\/en\/wp-json\/wp\/v2\/pages\/15647\/revisions\/15664"}],"wp:attachment":[{"href":"https:\/\/www.accionmk.com\/en\/wp-json\/wp\/v2\/media?parent=15647"}],"curies":[{"name":"wp","href":"https:\/\/api.w.org\/{rel}","templated":true}]}}