{"id":10132,"date":"2023-10-09T18:18:34","date_gmt":"2023-10-09T18:18:34","guid":{"rendered":"https:\/\/accionmk.com\/?page_id=10132"},"modified":"2024-10-24T11:53:36","modified_gmt":"2024-10-24T09:53:36","slug":"politica-de-cookies","status":"publish","type":"page","link":"https:\/\/www.accionmk.com\/fr\/politique-en-matiere-de-cookies\/","title":{"rendered":"Politique en mati\u00e8re de cookies"},"content":{"rendered":"<div data-elementor-type=\"wp-page\" data-elementor-id=\"10132\" class=\"elementor elementor-10132\" data-elementor-post-type=\"page\">\n\t\t\t\t<div class=\"elementor-element elementor-element-39c5146 e-flex e-con-boxed e-con e-parent\" data-id=\"39c5146\" data-element_type=\"container\" data-settings=\"{&quot;background_background&quot;:&quot;classic&quot;,&quot;jet_parallax_layout_list&quot;:[]}\">\n\t\t\t\t\t<div class=\"e-con-inner\">\n\t\t\t\t<div class=\"elementor-element elementor-element-1e93e29 elementor-widget elementor-widget-heading\" data-id=\"1e93e29\" data-element_type=\"widget\" data-widget_type=\"heading.default\">\n\t\t\t\t<div class=\"elementor-widget-container\">\n\t\t\t\t\t<h2 id='pol\u00edtica-de-cookies'  class=\"elementor-heading-title elementor-size-default\">Politique en mati\u00e8re de cookies<\/h2>\t\t\t\t<\/div>\n\t\t\t\t<\/div>\n\t\t\t\t\t<\/div>\n\t\t\t\t<\/div>\n\t\t<div class=\"elementor-element elementor-element-abc6075 e-flex e-con-boxed e-con e-parent\" data-id=\"abc6075\" data-element_type=\"container\" data-settings=\"{&quot;jet_parallax_layout_list&quot;:[]}\">\n\t\t\t\t\t<div class=\"e-con-inner\">\n\t\t\t\t<div class=\"elementor-element elementor-element-d8142af elementor-widget elementor-widget-text-editor\" data-id=\"d8142af\" data-element_type=\"widget\" data-widget_type=\"text-editor.default\">\n\t\t\t\t<div class=\"elementor-widget-container\">\n\t\t\t\t\t\t\t\t\t<div>La pr\u00e9sente politique en mati\u00e8re de cookies explique ce que sont les cookies et comment nous les utilisons, les types de cookies que nous utilisons, c'est-\u00e0-dire les informations que nous recueillons par le biais des cookies et la mani\u00e8re dont ces informations sont utilis\u00e9es, ainsi que la mani\u00e8re de contr\u00f4ler les pr\u00e9f\u00e9rences en mati\u00e8re de cookies. Vous pouvez modifier ou retirer votre consentement \u00e0 tout moment dans la D\u00e9claration sur les cookies sur notre site web. Pour en savoir plus sur qui nous sommes, comment vous pouvez nous contacter et comment nous traitons les donn\u00e9es personnelles, consultez notre Politique de confidentialit\u00e9. Votre consentement s'applique aux domaines suivants : www.clave3.es<div class=\"cli_user_consent_state\">Votre statut actuel : Aucun consentement n'a \u00e9t\u00e9 donn\u00e9. <a class=\"cli_manage_current_consent\">G\u00e9rer votre consentement.<\/a><\/div><\/div><h3 id=''  class=\"fusion-responsive-typography-calculated\" data-fontsize=\"42\" data-lineheight=\"54.6px\">\u00a0<\/h3><h3 id='qu\u00e9-son-las-cookies'  class=\"fusion-responsive-typography-calculated\" data-fontsize=\"42\" data-lineheight=\"54.6px\">Qu'est-ce qu'un biscuit ?<\/h3><div>Les cookies sont de petits fichiers texte utilis\u00e9s pour stocker de petits \u00e9l\u00e9ments d'information. Ils sont stock\u00e9s sur votre appareil lorsque le site web se charge dans votre navigateur. Ces cookies nous aident \u00e0 faire fonctionner le site web correctement, \u00e0 le rendre plus s\u00fbr, \u00e0 fournir une meilleure exp\u00e9rience \u00e0 l'utilisateur et \u00e0 comprendre comment le site web fonctionne et \u00e0 analyser ce qui fonctionne et ce qui doit \u00eatre am\u00e9lior\u00e9.<\/div><h3 id='-1'  class=\"fusion-responsive-typography-calculated\" data-fontsize=\"42\" data-lineheight=\"54.6px\">\u00a0<\/h3><h3 id='c\u00f3mo-utilizamos-las-cookies'  class=\"fusion-responsive-typography-calculated\" data-fontsize=\"42\" data-lineheight=\"54.6px\">Comment utilisons-nous les cookies ?<\/h3><div>Comme la plupart des services en ligne, notre site web utilise des cookies de premi\u00e8re partie et de tierce partie \u00e0 des fins diverses. Les cookies de premi\u00e8re partie sont essentiellement n\u00e9cessaires au bon fonctionnement du site web et ne collectent aucune donn\u00e9e personnelle identifiable. Les cookies de tierce partie utilis\u00e9s sur notre site web servent principalement \u00e0 comprendre le fonctionnement du site web, la mani\u00e8re dont vous interagissez avec notre site web, \u00e0 assurer la s\u00e9curit\u00e9 de nos services, \u00e0 fournir des publicit\u00e9s pertinentes pour vous et, en fin de compte, \u00e0 vous offrir une exp\u00e9rience utilisateur am\u00e9lior\u00e9e et \u00e0 acc\u00e9l\u00e9rer vos interactions futures avec notre site web.<\/div><h3 id='-2'  class=\"fusion-responsive-typography-calculated\" data-fontsize=\"42\" data-lineheight=\"54.6px\">\u00a0<\/h3><h3 id='qu\u00e9-tipos-de-cookies-utilizamos'  class=\"fusion-responsive-typography-calculated\" data-fontsize=\"42\" data-lineheight=\"54.6px\">Quels types de cookies utilisons-nous ?<\/h3><div><strong>L'essentiel<\/strong>Certains cookies sont essentiels pour que vous puissiez b\u00e9n\u00e9ficier de toutes les fonctionnalit\u00e9s de notre site. Ils nous permettent de maintenir les sessions des utilisateurs et de pr\u00e9venir toute menace pour la s\u00e9curit\u00e9. Ils ne collectent ni ne stockent aucune information personnelle. Par exemple, ces cookies vous permettent de vous connecter \u00e0 votre compte et d'ajouter des produits \u00e0 votre panier, ainsi que de r\u00e9gler vos achats en toute s\u00e9curit\u00e9.<\/div><div>\u00a0<\/div><div><strong>Statistiques<\/strong>Ces cookies stockent des informations telles que le nombre de visiteurs du site web, le nombre de visiteurs uniques, les pages du site web qui ont \u00e9t\u00e9 visit\u00e9es, l'origine de la visite, etc. Ces donn\u00e9es nous aident \u00e0 comprendre et \u00e0 analyser les performances du site web et les domaines \u00e0 am\u00e9liorer.<\/div><div>\u00a0<\/div><div><strong>Marketing<\/strong>Notre site web affiche des publicit\u00e9s. Ces cookies sont utilis\u00e9s pour personnaliser les publicit\u00e9s que nous vous montrons afin qu'elles soient significatives pour vous. Ces cookies nous aident \u00e9galement \u00e0 \u00e9valuer l'efficacit\u00e9 de ces campagnes publicitaires.<\/div><div>\u00a0<\/div><div>Les informations stock\u00e9es dans ces cookies peuvent \u00e9galement \u00eatre utilis\u00e9es par des fournisseurs de publicit\u00e9 tiers pour vous montrer des publicit\u00e9s sur d'autres sites web dans votre navigateur.<\/div><div>\u00a0<\/div><div><strong>Fonctionnel<\/strong>Les cookies qui prennent en charge certaines fonctionnalit\u00e9s non essentielles de notre site web. Ces fonctionnalit\u00e9s comprennent l'int\u00e9gration de contenu tel que des vid\u00e9os ou le partage du contenu du site web sur des plateformes de m\u00e9dias sociaux.<\/div><div>\u00a0<\/div><div><strong>Pr\u00e9f\u00e9rences<\/strong>Les cookies qui prennent en charge certaines fonctionnalit\u00e9s non essentielles de notre site web. Ces fonctionnalit\u00e9s comprennent l'int\u00e9gration de contenu tel que des vid\u00e9os ou le partage du contenu du site web sur des plateformes de m\u00e9dias sociaux.<\/div><div><p>La liste suivante d\u00e9taille les cookies utilis\u00e9s sur notre site web.<\/p><table class=\"cookielawinfo-row-cat-table cookielawinfo-classic\"><thead><tr><th class=\"cookielawinfo-column-1\">Cookie<\/th><th class=\"cookielawinfo-column-4\">Description<\/th><\/tr><\/thead><tbody><tr class=\"cookielawinfo-row\"><td class=\"cookielawinfo-column-1\">cookielawinfo-checbox-analytics<\/td><td class=\"cookielawinfo-column-4\">Ce cookie est d\u00e9fini par le plugin GDPR Cookie Consent. Il est utilis\u00e9 pour stocker le consentement de l'utilisateur pour les cookies de la cat\u00e9gorie \"Analytics\".<\/td><\/tr><tr class=\"cookielawinfo-row\"><td class=\"cookielawinfo-column-1\">cookielawinfo-checbox-fonctionnel<\/td><td class=\"cookielawinfo-column-4\">Le cookie est d\u00e9fini par le GDPR cookie consent pour enregistrer le consentement de l'utilisateur pour les cookies de la cat\u00e9gorie \"fonctionnelle\".<\/td><\/tr><tr class=\"cookielawinfo-row\"><td class=\"cookielawinfo-column-1\">cookielawinfo-checbox-autres<\/td><td class=\"cookielawinfo-column-4\">Ce cookie est d\u00e9fini par le plugin GDPR Cookie Consent. Il est utilis\u00e9 pour stocker le consentement de l'utilisateur pour les cookies de la cat\u00e9gorie \"Autres\".<\/td><\/tr><tr class=\"cookielawinfo-row\"><td class=\"cookielawinfo-column-1\">case \u00e0 cocher n\u00e9cessaire pour le droit de la concurrence<\/td><td class=\"cookielawinfo-column-4\">Ce cookie est d\u00e9fini par le plugin GDPR Cookie Consent. Les cookies sont utilis\u00e9s pour stocker le consentement de l'utilisateur aux cookies dans la cat\u00e9gorie \"Requis\".<\/td><\/tr><tr class=\"cookielawinfo-row\"><td class=\"cookielawinfo-column-1\">cookielawinfo-checkbox-performance<\/td><td class=\"cookielawinfo-column-4\">Ce cookie est d\u00e9fini par le plugin GDPR Cookie Consent. Il est utilis\u00e9 pour stocker le consentement de l'utilisateur pour les cookies de la cat\u00e9gorie \"Performance\".<\/td><\/tr><tr class=\"cookielawinfo-row\"><td class=\"cookielawinfo-column-1\">politique_cookie_vu<\/td><td class=\"cookielawinfo-column-4\">Nous utilisons des cookies sur notre site web pour vous offrir l'exp\u00e9rience la plus pertinente en m\u00e9morisant vos pr\u00e9f\u00e9rences et vos visites r\u00e9p\u00e9t\u00e9es. En cliquant sur \"Accepter\", vous consentez \u00e0 l'utilisation de TOUS les cookies.<\/td><\/tr><\/tbody><\/table><\/div><h3 id='-3'  class=\"fusion-responsive-typography-calculated\" data-fontsize=\"42\" data-lineheight=\"54.6px\">\u00a0<\/h3><h3 id='c\u00f3mo-puedo-controlar-las-preferencias-de-las-cookies'  class=\"fusion-responsive-typography-calculated\" data-fontsize=\"42\" data-lineheight=\"54.6px\">Comment puis-je contr\u00f4ler mes pr\u00e9f\u00e9rences en mati\u00e8re de cookies ?<\/h3><div><p>Si vous d\u00e9cidez de modifier vos pr\u00e9f\u00e9rences plus tard au cours de votre session de navigation, vous pouvez cliquer sur l'onglet \"Politique de confidentialit\u00e9 et cookies\" sur votre \u00e9cran. L'avis de consentement s'affichera \u00e0 nouveau, vous permettant de modifier vos pr\u00e9f\u00e9rences ou de retirer compl\u00e8tement votre consentement.<\/p><p>En outre, les navigateurs proposent des m\u00e9thodes diff\u00e9rentes pour bloquer et supprimer les cookies utilis\u00e9s par les sites web. Vous pouvez modifier les param\u00e8tres de votre navigateur pour bloquer ou supprimer les cookies. Pour en savoir plus sur la mani\u00e8re de g\u00e9rer et de supprimer les cookies, veuillez consulter le site suivant <a href=\"https:\/\/www.wikipedia.org\/\" target=\"_blank\" rel=\"noopener\">wikipedia.org<\/a>, <a href=\"https:\/\/www.allaboutcookies.org\/\" target=\"_blank\" rel=\"noopener\">www.allaboutcookies.org<\/a>.<\/p><\/div><p>\u00a0<\/p>\t\t\t\t\t\t\t\t<\/div>\n\t\t\t\t<\/div>\n\t\t\t\t\t<\/div>\n\t\t\t\t<\/div>\n\t\t\t\t<\/div>","protected":false},"excerpt":{"rendered":"<p>La pr\u00e9sente politique en mati\u00e8re de cookies explique ce que sont les cookies et comment nous les utilisons, les types de cookies que nous utilisons, c'est-\u00e0-dire les informations que nous collectons par le biais des cookies et la mani\u00e8re dont ces informations sont utilis\u00e9es, ainsi que la mani\u00e8re de contr\u00f4ler les pr\u00e9f\u00e9rences en mati\u00e8re de cookies. Pour plus d'informations sur la mani\u00e8re dont nous utilisons, stockons et s\u00e9curisons vos donn\u00e9es personnelles, veuillez [...]<\/p>","protected":false},"author":1,"featured_media":0,"parent":0,"menu_order":0,"comment_status":"closed","ping_status":"closed","template":"","meta":{"footnotes":""},"class_list":["post-10132","page","type-page","status-publish","hentry"],"_links":{"self":[{"href":"https:\/\/www.accionmk.com\/fr\/wp-json\/wp\/v2\/pages\/10132","targetHints":{"allow":["GET"]}}],"collection":[{"href":"https:\/\/www.accionmk.com\/fr\/wp-json\/wp\/v2\/pages"}],"about":[{"href":"https:\/\/www.accionmk.com\/fr\/wp-json\/wp\/v2\/types\/page"}],"author":[{"embeddable":true,"href":"https:\/\/www.accionmk.com\/fr\/wp-json\/wp\/v2\/users\/1"}],"replies":[{"embeddable":true,"href":"https:\/\/www.accionmk.com\/fr\/wp-json\/wp\/v2\/comments?post=10132"}],"version-history":[{"count":9,"href":"https:\/\/www.accionmk.com\/fr\/wp-json\/wp\/v2\/pages\/10132\/revisions"}],"predecessor-version":[{"id":15466,"href":"https:\/\/www.accionmk.com\/fr\/wp-json\/wp\/v2\/pages\/10132\/revisions\/15466"}],"wp:attachment":[{"href":"https:\/\/www.accionmk.com\/fr\/wp-json\/wp\/v2\/media?parent=10132"}],"curies":[{"name":"wp","href":"https:\/\/api.w.org\/{rel}","templated":true}]}}